{"id":11442,"date":"2022-09-20T11:07:54","date_gmt":"2022-09-20T11:07:54","guid":{"rendered":"https:\/\/electricity-store.com\/%d8%a7%d9%84%d8%a3%d8%ae%d8%a8%d8%a7%d8%b1\/"},"modified":"2022-09-20T11:13:05","modified_gmt":"2022-09-20T11:13:05","slug":"%d8%a7%d9%84%d8%a3%d8%ae%d8%a8%d8%a7%d8%b1","status":"publish","type":"page","link":"https:\/\/electricity-store.com\/ar\/%d8%a7%d9%84%d8%a3%d8%ae%d8%a8%d8%a7%d8%b1\/","title":{"rendered":"\u0627\u0644\u0623\u062e\u0628\u0627\u0631"},"content":{"rendered":"\t\t<div data-elementor-type=\"wp-page\" data-elementor-id=\"11442\" class=\"elementor elementor-11442 elementor-11436\" data-elementor-post-type=\"page\">\n\t\t\t\t\t\t<section class=\"elementor-section elementor-top-section elementor-element elementor-element-cd266ec elementor-section-boxed elementor-section-height-default elementor-section-height-default\" data-id=\"cd266ec\" data-element_type=\"section\" data-e-type=\"section\">\n\t\t\t\t\t\t<div class=\"elementor-container elementor-column-gap-default\">\n\t\t\t\t\t<div class=\"elementor-column elementor-col-100 elementor-top-column elementor-element elementor-element-c4bf95f\" data-id=\"c4bf95f\" data-element_type=\"column\" data-e-type=\"column\">\n\t\t\t<div class=\"elementor-widget-wrap elementor-element-populated\">\n\t\t\t\t\t\t<div class=\"elementor-element elementor-element-5391f8b elementor-widget elementor-widget-tbay-posts-grid\" data-id=\"5391f8b\" data-element_type=\"widget\" data-e-type=\"widget\" data-widget_type=\"tbay-posts-grid.default\">\n\t\t\t\t<div class=\"elementor-widget-container\">\n\t\t\t\t\t\r\n<div class=\"tbay-element tbay-addon tbay-addon-posts-grid grid tbay-addon-blog\">\r\n\r\n    \r\n    <div class=\"tbay-addon-content\">\r\n\r\n        <div class=\"layout-blog\">\r\n            <div class=\"posts-grid row grid\" data-xlgdesktop=\"4\" data-desktop=\"4\" data-desktopsmall=\"2\" data-tablet=\"3\" data-landscape=\"2\" data-mobile=\"2\">\r\n\r\n                \r\n                    <div class=\"item\">                \r\n                            \r\n                                <article class=\"post\">   \r\n    <figure class=\"entry-thumb no-thumb\">\r\n        <a href=\"https:\/\/electricity-store.com\/speel-slimmer-win-groter-jouw-toegang-tot-een-2\/\"  class=\"entry-image\">\r\n                  <\/a>\r\n    <\/figure>\r\n    <div class=\"entry-header\">\r\n        \r\n        \r\n        <div class=\"entry-meta-list\">\r\n            <li class=\"entry-date\"><i class=\"linear-icon-calendar-31\"><\/i><span class=\"screen-reader-text\">Posted on<\/span> <a href=\"https:\/\/electricity-store.com\/speel-slimmer-win-groter-jouw-toegang-tot-een-2\/\" rel=\"bookmark\"><time class=\"entry-date published updated\" datetime=\"2026-03-26T14:41:56+00:00\">\u0645\u0627\u0631\u0633 26, 2026<\/time><\/a><\/li>\r\n            <li class=\"comments-link\"><i class=\"linear-icon-bubbles\"><\/i> \r\n                <a href=\"https:\/\/electricity-store.com\/speel-slimmer-win-groter-jouw-toegang-tot-een-2\/#respond\">0<span> comments<\/span><\/a>            <\/li>\r\n        <\/div>\r\n                <h4 class=\"entry-title\">\r\n            <a href=\"https:\/\/electricity-store.com\/speel-slimmer-win-groter-jouw-toegang-tot-een-2\/\">Speel slimmer, win groter jouw toegang tot een wereld van entertainment en flinke prijzen wacht bij<\/a>\r\n        <\/h4>\r\n        \r\n        \r\n        <a href=\"https:\/\/electricity-store.com\/speel-slimmer-win-groter-jouw-toegang-tot-een-2\/\" class=\"readmore\" title=\"Read more\">Read more<\/a>\r\n\r\n            <\/div>\r\n<\/article>\r\n\r\n                            \r\n                    <\/div>\r\n                                    \r\n                    <div class=\"item\">                \r\n                            \r\n                                <article class=\"post\">   \r\n    <figure class=\"entry-thumb no-thumb\">\r\n        <a href=\"https:\/\/electricity-store.com\/passionnez-vous-pour-le-jeu-en-ligne-et-souhaitez\/\"  class=\"entry-image\">\r\n                  <\/a>\r\n    <\/figure>\r\n    <div class=\"entry-header\">\r\n        \r\n        \r\n        <div class=\"entry-meta-list\">\r\n            <li class=\"entry-date\"><i class=\"linear-icon-calendar-31\"><\/i><span class=\"screen-reader-text\">Posted on<\/span> <a href=\"https:\/\/electricity-store.com\/passionnez-vous-pour-le-jeu-en-ligne-et-souhaitez\/\" rel=\"bookmark\"><time class=\"entry-date published updated\" datetime=\"2026-03-26T14:05:26+00:00\">\u0645\u0627\u0631\u0633 26, 2026<\/time><\/a><\/li>\r\n            <li class=\"comments-link\"><i class=\"linear-icon-bubbles\"><\/i> \r\n                <a href=\"https:\/\/electricity-store.com\/passionnez-vous-pour-le-jeu-en-ligne-et-souhaitez\/#respond\">0<span> comments<\/span><\/a>            <\/li>\r\n        <\/div>\r\n                <h4 class=\"entry-title\">\r\n            <a href=\"https:\/\/electricity-store.com\/passionnez-vous-pour-le-jeu-en-ligne-et-souhaitez\/\">Passionnez-vous pour le jeu en ligne et souhaitez-vous conna\u00eetre les avantages dun nv casino bonus p<\/a>\r\n        <\/h4>\r\n        \r\n        \r\n        <a href=\"https:\/\/electricity-store.com\/passionnez-vous-pour-le-jeu-en-ligne-et-souhaitez\/\" class=\"readmore\" title=\"Read more\">Read more<\/a>\r\n\r\n            <\/div>\r\n<\/article>\r\n\r\n                            \r\n                    <\/div>\r\n                                    \r\n                    <div class=\"item\">                \r\n                            \r\n                                <article class=\"post\">   \r\n    <figure class=\"entry-thumb no-thumb\">\r\n        <a href=\"https:\/\/electricity-store.com\/empeiria-kazino-ipsilis-poiotitas-katevaste-tin-efarmoghi-nv\/\"  class=\"entry-image\">\r\n                  <\/a>\r\n    <\/figure>\r\n    <div class=\"entry-header\">\r\n        \r\n        \r\n        <div class=\"entry-meta-list\">\r\n            <li class=\"entry-date\"><i class=\"linear-icon-calendar-31\"><\/i><span class=\"screen-reader-text\">Posted on<\/span> <a href=\"https:\/\/electricity-store.com\/empeiria-kazino-ipsilis-poiotitas-katevaste-tin-efarmoghi-nv\/\" rel=\"bookmark\"><time class=\"entry-date published updated\" datetime=\"2026-03-26T12:39:02+00:00\">\u0645\u0627\u0631\u0633 26, 2026<\/time><\/a><\/li>\r\n            <li class=\"comments-link\"><i class=\"linear-icon-bubbles\"><\/i> \r\n                <a href=\"https:\/\/electricity-store.com\/empeiria-kazino-ipsilis-poiotitas-katevaste-tin-efarmoghi-nv\/#respond\">0<span> comments<\/span><\/a>            <\/li>\r\n        <\/div>\r\n                <h4 class=\"entry-title\">\r\n            <a href=\"https:\/\/electricity-store.com\/empeiria-kazino-ipsilis-poiotitas-katevaste-tin-efarmoghi-nv\/\">\u0395\u03bc\u03c0\u03b5\u03b9\u03c1\u03af\u03b1 \u03ba\u03b1\u03b6\u03af\u03bd\u03bf \u03c5\u03c8\u03b7\u03bb\u03ae\u03c2 \u03c0\u03bf\u03b9\u03cc\u03c4\u03b7\u03c4\u03b1\u03c2 \u2013 \u039a\u03b1\u03c4\u03b5\u03b2\u03ac\u03c3\u03c4\u03b5 \u03c4\u03b7\u03bd \u03b5\u03c6\u03b1\u03c1\u03bc\u03bf\u03b3\u03ae nv casino download \u03ba\u03b1\u03b9 \u03ba\u03b5\u03c1\u03b4\u03af\u03c3\u03c4\u03b5 \u03ad\u03c9\u03c2 1000\u20ac<\/a>\r\n        <\/h4>\r\n        \r\n        \r\n        <a href=\"https:\/\/electricity-store.com\/empeiria-kazino-ipsilis-poiotitas-katevaste-tin-efarmoghi-nv\/\" class=\"readmore\" title=\"Read more\">Read more<\/a>\r\n\r\n            <\/div>\r\n<\/article>\r\n\r\n                            \r\n                    <\/div>\r\n                                    \r\n                    <div class=\"item\">                \r\n                            \r\n                                <article class=\"post\">   \r\n    <figure class=\"entry-thumb no-thumb\">\r\n        <a href=\"https:\/\/electricity-store.com\/forget-waiting-instant-wins-await-with-the-bizzo-casino-app\/\"  class=\"entry-image\">\r\n                  <\/a>\r\n    <\/figure>\r\n    <div class=\"entry-header\">\r\n        \r\n        \r\n        <div class=\"entry-meta-list\">\r\n            <li class=\"entry-date\"><i class=\"linear-icon-calendar-31\"><\/i><span class=\"screen-reader-text\">Posted on<\/span> <a href=\"https:\/\/electricity-store.com\/forget-waiting-instant-wins-await-with-the-bizzo-casino-app\/\" rel=\"bookmark\"><time class=\"entry-date published updated\" datetime=\"2026-03-26T09:16:59+00:00\">\u0645\u0627\u0631\u0633 26, 2026<\/time><\/a><\/li>\r\n            <li class=\"comments-link\"><i class=\"linear-icon-bubbles\"><\/i> \r\n                <a href=\"https:\/\/electricity-store.com\/forget-waiting-instant-wins-await-with-the-bizzo-casino-app\/#respond\">0<span> comments<\/span><\/a>            <\/li>\r\n        <\/div>\r\n                <h4 class=\"entry-title\">\r\n            <a href=\"https:\/\/electricity-store.com\/forget-waiting-instant-wins-await-with-the-bizzo-casino-app\/\">Forget Waiting \u2013 Instant Wins Await with the bizzo casino app &#038; Mobile Bonuses.<\/a>\r\n        <\/h4>\r\n        \r\n        \r\n        <a href=\"https:\/\/electricity-store.com\/forget-waiting-instant-wins-await-with-the-bizzo-casino-app\/\" class=\"readmore\" title=\"Read more\">Read more<\/a>\r\n\r\n            <\/div>\r\n<\/article>\r\n\r\n                            \r\n                    <\/div>\r\n                                    \r\n                    <div class=\"item\">                \r\n                            \r\n                                <article class=\"post\">   \r\n    <figure class=\"entry-thumb no-thumb\">\r\n        <a href=\"https:\/\/electricity-store.com\/apoktwntas-prosvasi-sti-diaskedasi-katevaste-to-bizzo-casino-app\/\"  class=\"entry-image\">\r\n                  <\/a>\r\n    <\/figure>\r\n    <div class=\"entry-header\">\r\n        \r\n        \r\n        <div class=\"entry-meta-list\">\r\n            <li class=\"entry-date\"><i class=\"linear-icon-calendar-31\"><\/i><span class=\"screen-reader-text\">Posted on<\/span> <a href=\"https:\/\/electricity-store.com\/apoktwntas-prosvasi-sti-diaskedasi-katevaste-to-bizzo-casino-app\/\" rel=\"bookmark\"><time class=\"entry-date published updated\" datetime=\"2026-03-26T08:35:38+00:00\">\u0645\u0627\u0631\u0633 26, 2026<\/time><\/a><\/li>\r\n            <li class=\"comments-link\"><i class=\"linear-icon-bubbles\"><\/i> \r\n                <a href=\"https:\/\/electricity-store.com\/apoktwntas-prosvasi-sti-diaskedasi-katevaste-to-bizzo-casino-app\/#respond\">0<span> comments<\/span><\/a>            <\/li>\r\n        <\/div>\r\n                <h4 class=\"entry-title\">\r\n            <a href=\"https:\/\/electricity-store.com\/apoktwntas-prosvasi-sti-diaskedasi-katevaste-to-bizzo-casino-app\/\">\u0391\u03c0\u03bf\u03ba\u03c4\u03ce\u03bd\u03c4\u03b1\u03c2 \u03a0\u03c1\u03cc\u03c3\u03b2\u03b1\u03c3\u03b7 \u03c3\u03c4\u03b7 \u0394\u03b9\u03b1\u03c3\u03ba\u03ad\u03b4\u03b1\u03c3\u03b7 \u039a\u03b1\u03c4\u03b5\u03b2\u03ac\u03c3\u03c4\u03b5 \u03c4\u03bf bizzo casino app download \u03ba\u03b1\u03b9 \u03b4\u03b9\u03b5\u03ba\u03b4\u03b9\u03ba\u03ae\u03c3\u03c4\u03b5 \u03b1\u03bc\u03ad\u03c3\u03c9\u03c2 100<\/a>\r\n        <\/h4>\r\n        \r\n        \r\n        <a href=\"https:\/\/electricity-store.com\/apoktwntas-prosvasi-sti-diaskedasi-katevaste-to-bizzo-casino-app\/\" class=\"readmore\" title=\"Read more\">Read more<\/a>\r\n\r\n            <\/div>\r\n<\/article>\r\n\r\n                            \r\n                    <\/div>\r\n                                    \r\n                    <div class=\"item\">                \r\n                            \r\n                                <article class=\"post\">   \r\n    <figure class=\"entry-thumb no-thumb\">\r\n        <a href=\"https:\/\/electricity-store.com\/thharayaparavaka-khal-kasamata-aajamae-oura-stake-online-casino\/\"  class=\"entry-image\">\r\n                  <\/a>\r\n    <\/figure>\r\n    <div class=\"entry-header\">\r\n        \r\n        \r\n        <div class=\"entry-meta-list\">\r\n            <li class=\"entry-date\"><i class=\"linear-icon-calendar-31\"><\/i><span class=\"screen-reader-text\">Posted on<\/span> <a href=\"https:\/\/electricity-store.com\/thharayaparavaka-khal-kasamata-aajamae-oura-stake-online-casino\/\" rel=\"bookmark\"><time class=\"entry-date published updated\" datetime=\"2026-03-26T06:55:55+00:00\">\u0645\u0627\u0631\u0633 26, 2026<\/time><\/a><\/li>\r\n            <li class=\"comments-link\"><i class=\"linear-icon-bubbles\"><\/i> \r\n                <a href=\"https:\/\/electricity-store.com\/thharayaparavaka-khal-kasamata-aajamae-oura-stake-online-casino\/#respond\">0<span> comments<\/span><\/a>            <\/li>\r\n        <\/div>\r\n                <h4 class=\"entry-title\">\r\n            <a href=\"https:\/\/electricity-store.com\/thharayaparavaka-khal-kasamata-aajamae-oura-stake-online-casino\/\">\u0927\u0948\u0930\u094d\u092f\u092a\u0942\u0930\u094d\u0935\u0915 \u0916\u0947\u0932\u0947\u0902, \u0915\u093f\u0938\u094d\u092e\u0924 \u0906\u091c\u092e\u093e\u090f\u0902 \u0914\u0930 stake online casino \u0915\u0947 \u0930\u094b\u092e\u093e\u0902\u091a\u0915 \u0938\u0902\u0938\u093e\u0930 \u092e\u0947\u0902 \u091c\u0940\u0924 \u0915\u093e \u0906\u0928\u0902\u0926 \u0932\u0947\u0902\u0964<\/a>\r\n        <\/h4>\r\n        \r\n        \r\n        <a href=\"https:\/\/electricity-store.com\/thharayaparavaka-khal-kasamata-aajamae-oura-stake-online-casino\/\" class=\"readmore\" title=\"Read more\">Read more<\/a>\r\n\r\n            <\/div>\r\n<\/article>\r\n\r\n                            \r\n                    <\/div>\r\n                                    \r\n                    <div class=\"item\">                \r\n                            \r\n                                <article class=\"post\">   \r\n    <figure class=\"entry-thumb no-thumb\">\r\n        <a href=\"https:\/\/electricity-store.com\/lelegance-du-jeu-en-ligne-explorez-le-casino-en-ligne-stake-et\/\"  class=\"entry-image\">\r\n                  <\/a>\r\n    <\/figure>\r\n    <div class=\"entry-header\">\r\n        \r\n        \r\n        <div class=\"entry-meta-list\">\r\n            <li class=\"entry-date\"><i class=\"linear-icon-calendar-31\"><\/i><span class=\"screen-reader-text\">Posted on<\/span> <a href=\"https:\/\/electricity-store.com\/lelegance-du-jeu-en-ligne-explorez-le-casino-en-ligne-stake-et\/\" rel=\"bookmark\"><time class=\"entry-date published updated\" datetime=\"2026-03-25T17:08:15+00:00\">\u0645\u0627\u0631\u0633 25, 2026<\/time><\/a><\/li>\r\n            <li class=\"comments-link\"><i class=\"linear-icon-bubbles\"><\/i> \r\n                <a href=\"https:\/\/electricity-store.com\/lelegance-du-jeu-en-ligne-explorez-le-casino-en-ligne-stake-et\/#respond\">0<span> comments<\/span><\/a>            <\/li>\r\n        <\/div>\r\n                <h4 class=\"entry-title\">\r\n            <a href=\"https:\/\/electricity-store.com\/lelegance-du-jeu-en-ligne-explorez-le-casino-en-ligne-stake-et\/\">L\u00c9l\u00e9gance du Jeu en Ligne  Explorez le casino en ligne stake et transformez chaque mise en une oppor<\/a>\r\n        <\/h4>\r\n        \r\n        \r\n        <a href=\"https:\/\/electricity-store.com\/lelegance-du-jeu-en-ligne-explorez-le-casino-en-ligne-stake-et\/\" class=\"readmore\" title=\"Read more\">Read more<\/a>\r\n\r\n            <\/div>\r\n<\/article>\r\n\r\n                            \r\n                    <\/div>\r\n                                    \r\n                    <div class=\"item\">                \r\n                            \r\n                                <article class=\"post\">   \r\n    <figure class=\"entry-thumb no-thumb\">\r\n        <a href=\"https:\/\/electricity-store.com\/luces-emociones-y-la-oportunidad-de-ganar-en-grande-explora-el\/\"  class=\"entry-image\">\r\n                  <\/a>\r\n    <\/figure>\r\n    <div class=\"entry-header\">\r\n        \r\n        \r\n        <div class=\"entry-meta-list\">\r\n            <li class=\"entry-date\"><i class=\"linear-icon-calendar-31\"><\/i><span class=\"screen-reader-text\">Posted on<\/span> <a href=\"https:\/\/electricity-store.com\/luces-emociones-y-la-oportunidad-de-ganar-en-grande-explora-el\/\" rel=\"bookmark\"><time class=\"entry-date published updated\" datetime=\"2026-03-25T16:30:32+00:00\">\u0645\u0627\u0631\u0633 25, 2026<\/time><\/a><\/li>\r\n            <li class=\"comments-link\"><i class=\"linear-icon-bubbles\"><\/i> \r\n                <a href=\"https:\/\/electricity-store.com\/luces-emociones-y-la-oportunidad-de-ganar-en-grande-explora-el\/#respond\">0<span> comments<\/span><\/a>            <\/li>\r\n        <\/div>\r\n                <h4 class=\"entry-title\">\r\n            <a href=\"https:\/\/electricity-store.com\/luces-emociones-y-la-oportunidad-de-ganar-en-grande-explora-el\/\">Luces, emociones y la oportunidad de ganar en grande Explora el universo del casino online app stake<\/a>\r\n        <\/h4>\r\n        \r\n        \r\n        <a href=\"https:\/\/electricity-store.com\/luces-emociones-y-la-oportunidad-de-ganar-en-grande-explora-el\/\" class=\"readmore\" title=\"Read more\">Read more<\/a>\r\n\r\n            <\/div>\r\n<\/article>\r\n\r\n                            \r\n                    <\/div>\r\n                                    \r\n                    <div class=\"item\">                \r\n                            \r\n                                <article class=\"post\">   \r\n    <figure class=\"entry-thumb no-thumb\">\r\n        <a href=\"https:\/\/electricity-store.com\/elevate-your-play-secure-big-wins-exclusive-perks-at-stake-casino\/\"  class=\"entry-image\">\r\n                  <\/a>\r\n    <\/figure>\r\n    <div class=\"entry-header\">\r\n        \r\n        \r\n        <div class=\"entry-meta-list\">\r\n            <li class=\"entry-date\"><i class=\"linear-icon-calendar-31\"><\/i><span class=\"screen-reader-text\">Posted on<\/span> <a href=\"https:\/\/electricity-store.com\/elevate-your-play-secure-big-wins-exclusive-perks-at-stake-casino\/\" rel=\"bookmark\"><time class=\"entry-date published updated\" datetime=\"2026-03-25T15:54:08+00:00\">\u0645\u0627\u0631\u0633 25, 2026<\/time><\/a><\/li>\r\n            <li class=\"comments-link\"><i class=\"linear-icon-bubbles\"><\/i> \r\n                <a href=\"https:\/\/electricity-store.com\/elevate-your-play-secure-big-wins-exclusive-perks-at-stake-casino\/#respond\">0<span> comments<\/span><\/a>            <\/li>\r\n        <\/div>\r\n                <h4 class=\"entry-title\">\r\n            <a href=\"https:\/\/electricity-store.com\/elevate-your-play-secure-big-wins-exclusive-perks-at-stake-casino\/\">Elevate Your Play Secure Big Wins &#038; Exclusive Perks at stake casino.<\/a>\r\n        <\/h4>\r\n        \r\n        \r\n        <a href=\"https:\/\/electricity-store.com\/elevate-your-play-secure-big-wins-exclusive-perks-at-stake-casino\/\" class=\"readmore\" title=\"Read more\">Read more<\/a>\r\n\r\n            <\/div>\r\n<\/article>\r\n\r\n                            \r\n                    <\/div>\r\n                                    \r\n                    <div class=\"item\">                \r\n                            \r\n                                <article class=\"post\">   \r\n    <figure class=\"entry-thumb no-thumb\">\r\n        <a href=\"https:\/\/electricity-store.com\/jackpot-jagd-beginnt-erlebe-nervenkitzel-und-lukrative\/\"  class=\"entry-image\">\r\n                  <\/a>\r\n    <\/figure>\r\n    <div class=\"entry-header\">\r\n        \r\n        \r\n        <div class=\"entry-meta-list\">\r\n            <li class=\"entry-date\"><i class=\"linear-icon-calendar-31\"><\/i><span class=\"screen-reader-text\">Posted on<\/span> <a href=\"https:\/\/electricity-store.com\/jackpot-jagd-beginnt-erlebe-nervenkitzel-und-lukrative\/\" rel=\"bookmark\"><time class=\"entry-date published updated\" datetime=\"2026-03-25T15:13:29+00:00\">\u0645\u0627\u0631\u0633 25, 2026<\/time><\/a><\/li>\r\n            <li class=\"comments-link\"><i class=\"linear-icon-bubbles\"><\/i> \r\n                <a href=\"https:\/\/electricity-store.com\/jackpot-jagd-beginnt-erlebe-nervenkitzel-und-lukrative\/#respond\">0<span> comments<\/span><\/a>            <\/li>\r\n        <\/div>\r\n                <h4 class=\"entry-title\">\r\n            <a href=\"https:\/\/electricity-store.com\/jackpot-jagd-beginnt-erlebe-nervenkitzel-und-lukrative\/\">Jackpot-Jagd beginnt Erlebe Nervenkitzel und lukrative Auszahlungen bei stake online Casino \u2013 Dein S<\/a>\r\n        <\/h4>\r\n        \r\n        \r\n        <a href=\"https:\/\/electricity-store.com\/jackpot-jagd-beginnt-erlebe-nervenkitzel-und-lukrative\/\" class=\"readmore\" title=\"Read more\">Read more<\/a>\r\n\r\n            <\/div>\r\n<\/article>\r\n\r\n                            \r\n                    <\/div>\r\n                                    \r\n                    <div class=\"item\">                \r\n                            \r\n                                <article class=\"post\">   \r\n    <figure class=\"entry-thumb no-thumb\">\r\n        <a href=\"https:\/\/electricity-store.com\/ebredjen-fel-a-szerencsejatek-uj-dimenzioja-bison-online-casino\/\"  class=\"entry-image\">\r\n                  <\/a>\r\n    <\/figure>\r\n    <div class=\"entry-header\">\r\n        \r\n        \r\n        <div class=\"entry-meta-list\">\r\n            <li class=\"entry-date\"><i class=\"linear-icon-calendar-31\"><\/i><span class=\"screen-reader-text\">Posted on<\/span> <a href=\"https:\/\/electricity-store.com\/ebredjen-fel-a-szerencsejatek-uj-dimenzioja-bison-online-casino\/\" rel=\"bookmark\"><time class=\"entry-date published updated\" datetime=\"2026-03-25T13:48:39+00:00\">\u0645\u0627\u0631\u0633 25, 2026<\/time><\/a><\/li>\r\n            <li class=\"comments-link\"><i class=\"linear-icon-bubbles\"><\/i> \r\n                <a href=\"https:\/\/electricity-store.com\/ebredjen-fel-a-szerencsejatek-uj-dimenzioja-bison-online-casino\/#respond\">0<span> comments<\/span><\/a>            <\/li>\r\n        <\/div>\r\n                <h4 class=\"entry-title\">\r\n            <a href=\"https:\/\/electricity-store.com\/ebredjen-fel-a-szerencsejatek-uj-dimenzioja-bison-online-casino\/\">\u00c9bredjen fel a szerencsej\u00e1t\u00e9k \u00faj dimenzi\u00f3ja \u2013 Bison online casino var\u00e1zslatos vil\u00e1ga \u00e9s a hatalmas n<\/a>\r\n        <\/h4>\r\n        \r\n        \r\n        <a href=\"https:\/\/electricity-store.com\/ebredjen-fel-a-szerencsejatek-uj-dimenzioja-bison-online-casino\/\" class=\"readmore\" title=\"Read more\">Read more<\/a>\r\n\r\n            <\/div>\r\n<\/article>\r\n\r\n                            \r\n                    <\/div>\r\n                                    \r\n                    <div class=\"item\">                \r\n                            \r\n                                <article class=\"post\">   \r\n    <figure class=\"entry-thumb no-thumb\">\r\n        <a href=\"https:\/\/electricity-store.com\/jackpot-feeling-garantiert-die-bison-casino-app-eroffnet-dir\/\"  class=\"entry-image\">\r\n                  <\/a>\r\n    <\/figure>\r\n    <div class=\"entry-header\">\r\n        \r\n        \r\n        <div class=\"entry-meta-list\">\r\n            <li class=\"entry-date\"><i class=\"linear-icon-calendar-31\"><\/i><span class=\"screen-reader-text\">Posted on<\/span> <a href=\"https:\/\/electricity-store.com\/jackpot-feeling-garantiert-die-bison-casino-app-eroffnet-dir\/\" rel=\"bookmark\"><time class=\"entry-date published updated\" datetime=\"2026-03-25T12:53:03+00:00\">\u0645\u0627\u0631\u0633 25, 2026<\/time><\/a><\/li>\r\n            <li class=\"comments-link\"><i class=\"linear-icon-bubbles\"><\/i> \r\n                <a href=\"https:\/\/electricity-store.com\/jackpot-feeling-garantiert-die-bison-casino-app-eroffnet-dir\/#respond\">0<span> comments<\/span><\/a>            <\/li>\r\n        <\/div>\r\n                <h4 class=\"entry-title\">\r\n            <a href=\"https:\/\/electricity-store.com\/jackpot-feeling-garantiert-die-bison-casino-app-eroffnet-dir\/\">Jackpot-Feeling garantiert Die bison casino app er\u00f6ffnet dir eine Welt voller Spannung und lukrative<\/a>\r\n        <\/h4>\r\n        \r\n        \r\n        <a href=\"https:\/\/electricity-store.com\/jackpot-feeling-garantiert-die-bison-casino-app-eroffnet-dir\/\" class=\"readmore\" title=\"Read more\">Read more<\/a>\r\n\r\n            <\/div>\r\n<\/article>\r\n\r\n                            \r\n                    <\/div>\r\n                                     \r\n            <\/div>\r\n\r\n        <\/div>    <\/div>\r\n<\/div>\r\n\r\n\t\t\t\t<\/div>\n\t\t\t\t<\/div>\n\t\t\t\t\t<\/div>\n\t\t<\/div>\n\t\t\t\t\t<\/div>\n\t\t<\/section>\n\t\t\t\t<\/div>\n\t\t","protected":false},"excerpt":{"rendered":"<p>Posted on October 12, 2018 0 comments Sticks and Stones May Bake My Bones Read more Posted on October 12, 2018 0 comments Your Weakest Link: Use It To fashion Read more Posted on October 12, 2018 0 comments Empty Vessels Bake the Most Noise Read more Posted on October 12, 2018 0 comments Sail &hellip; <a href=\"https:\/\/electricity-store.com\/jackpot-feeling-garantiert-die-bison-casino-app-eroffnet-dir\/\" class=\"more-link\">Continue reading <span class=\"screen-reader-text\">Jackpot-Feeling garantiert Die bison casino app er\u00f6ffnet dir eine Welt voller Spannung und lukrative<\/span><\/a><\/p>\n","protected":false},"author":5,"featured_media":0,"parent":0,"menu_order":0,"comment_status":"closed","ping_status":"closed","template":"","meta":{"_joinchat":[],"footnotes":""},"class_list":["post-11442","page","type-page","status-publish","hentry"],"pure_taxonomies":[],"_links":{"self":[{"href":"https:\/\/electricity-store.com\/ar\/wp-json\/wp\/v2\/pages\/11442","targetHints":{"allow":["GET"]}}],"collection":[{"href":"https:\/\/electricity-store.com\/ar\/wp-json\/wp\/v2\/pages"}],"about":[{"href":"https:\/\/electricity-store.com\/ar\/wp-json\/wp\/v2\/types\/page"}],"author":[{"embeddable":true,"href":"https:\/\/electricity-store.com\/ar\/wp-json\/wp\/v2\/users\/5"}],"replies":[{"embeddable":true,"href":"https:\/\/electricity-store.com\/ar\/wp-json\/wp\/v2\/comments?post=11442"}],"version-history":[{"count":0,"href":"https:\/\/electricity-store.com\/ar\/wp-json\/wp\/v2\/pages\/11442\/revisions"}],"wp:attachment":[{"href":"https:\/\/electricity-store.com\/ar\/wp-json\/wp\/v2\/media?parent=11442"}],"curies":[{"name":"wp","href":"https:\/\/api.w.org\/{rel}","templated":true}]}}